{"id":3,"date":"2024-11-19T13:26:37","date_gmt":"2024-11-19T13:26:37","guid":{"rendered":"https:\/\/elmas.publikendi.com\/?page_id=3"},"modified":"2024-11-20T10:16:12","modified_gmt":"2024-11-20T10:16:12","slug":"privacy-policy","status":"publish","type":"page","link":"https:\/\/soselmas.it\/?page_id=3","title":{"rendered":"Privacy Policy"},"content":{"rendered":"\n<h2 class=\"wp-block-heading\">Informativa privacy ex D.lgs.196\/03 e Regolamento UE nr. 679\/2016<\/h2>\n\n\n\n<p>Ai sensi dell\u2019art. 13 del D.lgs.196\/03 ed in seguito all\u2019entrata in vigore del Regolamento UE nr. 679\/2016 conformemente a quanto disciplinato dall\u2019art. 13 del citato Regolamento Europeo, desideriamo comunicarVi quanto segue:<\/p>\n\n\n\n<h2 class=\"wp-block-heading\">Finalit\u00e0 del trattamento<\/h2>\n\n\n\n<p>I Vs. dati personali, liberamente comunicati e da noi acquisiti in ragione dell\u2019attivit\u00e0 svolta da:<br>SOS Elmas<br>Via Giliacquas, 4, 09030 Elmas CA<br>Partita IVA:<br>Codice Fiscale: 92025730927<\/p>\n\n\n\n<p>saranno trattati in modo lecito e secondo correttezza per le seguenti finalit\u00e0:<\/p>\n\n\n\n<p>Nome<br>Cognome<br>Mail<\/p>\n\n\n\n<p>I dati trattati sono aggiornati, pertinenti, completi e non eccedenti rispetto alle finalit\u00e0 sopra elencate per le quali sono raccolti e successivamente trattati.<\/p>\n\n\n\n<h2 class=\"wp-block-heading\">Modalit\u00e0 del trattamento<\/h2>\n\n\n\n<p>I dati medesimi verranno trattati, nel rispetto della sicurezza e riservatezza necessarie, attraverso le seguenti modalit\u00e0: raccolta dei dati presso l\u2019interessato, raccolta e registrate per scopi determinati, espliciti e legittimi, utilizzati in ulteriori operazioni di trattamento in termini compatibili con tali scopi, trattamento posto in essere con l\u2019ausilio di strumenti elettronici ed automatizzati (raccolta dei dati per via telematica, direttamente presso l\u2019interessato).<\/p>\n\n\n\n<h2 class=\"wp-block-heading\">Base giuridica del trattamento<\/h2>\n\n\n\n<p>La base giuridica del trattamento dei Vs. dati personali si fonda sulla registrazione al portale web soselmas.it.<\/p>\n\n\n\n<p>Legittimi interessi perseguiti dal Titolare del Trattamento:<br>I legittimi interessi perseguiti dal Titolare del Trattamento nel trattamento dei dati \u00e8 data dal dover rispettare ed onorare le obbligazioni contrattuali sottoscritte tra le parti. Ai sensi dell\u2019art. 6 la liceit\u00e0 del trattamento si basa sul consenso manifestamente espresso da parte dell\u2019interessato, documentato in forma scritta. Natura obbligatoria o facoltativa del conferimento dei dati e conseguenze di un eventuale rifiuto a rispondere: la natura del conferimento dei dati da parte Vostra \u00e8 obbligatoria affinch\u00e9 il titolare del trattamento possa erogare i servizi richiesti. In caso di rifiuto sar\u00e0 quindi impossibile completare il processo di registrazione e il Titolare di Sistema non potr\u00e0 adempiere agli obblighi contrattuali.<\/p>\n\n\n\n<h2 class=\"wp-block-heading\">Comunicazione dei dati a terzi<\/h2>\n\n\n\n<p>I Vs. dati personali saranno trattati dal Titolare del trattamento, dai Responsabili del trattamento da lui nominati e dagli incaricati del trattamento strettamente autorizzati. I Vs. dati personali non sono oggetto di diffusione.<\/p>\n\n\n\n<h2 class=\"wp-block-heading\">Tempi di conservazione<\/h2>\n\n\n\n<p>I Vs. dati personali saranno conservati per nr. 10 anni, dalla cessazione del rapporto di erogazione del servizio\/di fornitura del prodotto presso gli archivi informatici di propriet\u00e0 di SOS Elmas.<\/p>\n\n\n\n<h2 class=\"wp-block-heading\">Intenzione del Titolare del trattamento dati personali<\/h2>\n\n\n\n<p>Il Titolare del trattamento non trasferir\u00e0 i Vs. dati personali ad un paese terzo o ad una organizzazione internazionale.<\/p>\n\n\n\n<h2 class=\"wp-block-heading\">Titolare e Responsabile del trattamento<\/h2>\n\n\n\n<p>Titolare del trattamento dei dati \u00e8 la SOS Elmas. Dati contatti del Titolare del trattamento, mail : sos_elmas@libero.it<\/p>\n\n\n\n<p>L\u2019interessato potr\u00e0 in qualsiasi momento esercitare i diritti a Lui riservati, sanciti dall\u2019art. 7 di cui si riporta il testo integrale: art. 7 D.Lgs. 196\/2003 e art. 15 Regolamento UE 679\/2016 &#8211; Diritto di accesso ai dati personali ed altri diritti \u2013 \u201cL\u2019interessato ha diritto di ottenere la conferma dell\u2019esistenza o meno di dati personali che lo riguardano, anche se non ancora registrati, e la loro<br>comunicazione in forma intelligibile. L\u2019interessato ha diritto di ottenere l\u2019indicazione: dell\u2019origine dei dati personali; delle finalit\u00e0 e modalit\u00e0 del trattamento; della logica applicata in caso di trattamento effettuato con l\u2019ausilio di strumenti elettronici; degli estremi identificativi del titolare del trattamento, del responsabile e del rappresentante designato ai sensi dell\u2019art. 5 comma 2; dei soggetti o delle categorie di soggetti ai quali i dati personali possono essere comunicati o che possono venirne a conoscenza in qualit\u00e0 di rappresentante designato nel territorio dello Stato, di responsabili o incaricati. L\u2019interessato ha diritto di ottenere: l\u2019aggiornamento, la rettificazione, ovvero, quando vi \u00e8 interesse, l\u2019integrazione dei dati; la cancellazione, la trasformazione in forma anonima o il blocco dei dati trattati in violazione di legge, compresi quelli di cui non \u00e8 necessaria la conservazione in relazione agli scopi per i quali i dati sono stati raccolti o successivamente trattati; l\u2019attestazione che le operazioni di cui alla lettera a. e b. sono state portate a conoscenza, anche per quanto riguarda il loro contenuto, di coloro ai quali i dati sono stati comunicati o diffusi, eccettuato il caso in cui tale adempimento si rileva impossibile o comporta un impiego di mezzi manifestamente sproporzionato rispetto al diritto tutelato. L\u2019interessato ha diritto di opporsi in tutto o in parte: per motivi legittimi al trattamento dei dati personali che lo riguardano, ancorch\u00e9 pertinenti allo scopo della raccolta; al trattamento dei dati personali che lo riguardano a fini di invio di materiale pubblicitario o di vendita diretta o per il compimento di ricerche di mercato o di comunicazione commerciale\u201d. In particolare l\u2019interessato pu\u00f2 in qualsiasi momento chiedere al Titolare del trattamento l\u2019accesso ai dati personali e la rettifica o la cancellazione degli stessi o la limitazione del trattamento che lo riguardano o di opporsi al loro trattamento, oltre al diritto alla portabilit\u00e0 dei dati. L\u2019interessato ha il diritto di revocare il consenso in qualsiasi momento senza pregiudicare la liceit\u00e0 del trattamento basata sul consenso prestato prima della revoca e ha il diritto di proporre reclamo a un\u2019autorit\u00e0 di controllo. L\u2019esercizio dei diritti pu\u00f2 essere esercitato scrivendo all\u2019indirizzo di posta elettronica sos_elmas@libero.it.<\/p>\n","protected":false},"excerpt":{"rendered":"<p>Informativa privacy ex D.lgs.196\/03 e Regolamento UE nr. 679\/2016 Ai sensi dell\u2019art. 13 del D.lgs.196\/03 ed in seguito all\u2019entrata in vigore del Regolamento UE nr. 679\/2016 conformemente a quanto disciplinato dall\u2019art. 13 del citato Regolamento Europeo, desideriamo comunicarVi quanto segue: Finalit\u00e0 del trattamento I Vs. dati personali, liberamente comunicati e da noi acquisiti in ragione [&hellip;]<\/p>\n","protected":false},"author":1,"featured_media":0,"parent":0,"menu_order":0,"comment_status":"closed","ping_status":"closed","template":"","meta":{"inline_featured_image":false,"footnotes":""},"class_list":["post-3","page","type-page","status-publish","hentry"],"_links":{"self":[{"href":"https:\/\/soselmas.it\/index.php?rest_route=\/wp\/v2\/pages\/3","targetHints":{"allow":["GET"]}}],"collection":[{"href":"https:\/\/soselmas.it\/index.php?rest_route=\/wp\/v2\/pages"}],"about":[{"href":"https:\/\/soselmas.it\/index.php?rest_route=\/wp\/v2\/types\/page"}],"author":[{"embeddable":true,"href":"https:\/\/soselmas.it\/index.php?rest_route=\/wp\/v2\/users\/1"}],"replies":[{"embeddable":true,"href":"https:\/\/soselmas.it\/index.php?rest_route=%2Fwp%2Fv2%2Fcomments&post=3"}],"version-history":[{"count":2,"href":"https:\/\/soselmas.it\/index.php?rest_route=\/wp\/v2\/pages\/3\/revisions"}],"predecessor-version":[{"id":131,"href":"https:\/\/soselmas.it\/index.php?rest_route=\/wp\/v2\/pages\/3\/revisions\/131"}],"wp:attachment":[{"href":"https:\/\/soselmas.it\/index.php?rest_route=%2Fwp%2Fv2%2Fmedia&parent=3"}],"curies":[{"name":"wp","href":"https:\/\/api.w.org\/{rel}","templated":true}]}}