{"id":6,"date":"2024-11-19T13:55:03","date_gmt":"2024-11-19T13:55:03","guid":{"rendered":"https:\/\/elmas.publikendi.com\/?page_id=6"},"modified":"2024-11-20T10:14:55","modified_gmt":"2024-11-20T10:14:55","slug":"home-page","status":"publish","type":"page","link":"https:\/\/soselmas.it\/","title":{"rendered":"Home page"},"content":{"rendered":"\n<div style=\"height:100px\" aria-hidden=\"true\" class=\"wp-block-spacer\"><\/div>\n\n\n<div class=\"gb-container gb-container-ae898358 alignwide\">\n<div class=\"gb-grid-wrapper gb-grid-wrapper-d24beaa3\">\n<div class=\"gb-grid-column gb-grid-column-061d4263\"><div class=\"gb-container gb-container-061d4263\">\n\n<h1 class=\"gb-headline gb-headline-eb7764cc gb-headline-text\"><strong>Associazione volontari del soccorso assistenza e protezione civile<\/strong><\/h1>\n\n\n<div class=\"gb-container gb-container-fcfa3148\">\n\n<a class=\"gb-button gb-button-ae13594c gb-button-text\" href=\"#dona\"><strong>SOSTIENI L&#8217; ASSOCIAZIONE<\/strong><\/a>\n\n<\/div>\n<\/div><\/div>\n\n<div class=\"gb-grid-column gb-grid-column-876860cf\"><div class=\"gb-container gb-container-876860cf\">\n\n<figure class=\"gb-block-image gb-block-image-0d5af811\"><img loading=\"lazy\" decoding=\"async\" width=\"615\" height=\"561\" class=\"gb-image gb-image-0d5af811\" src=\"https:\/\/soselmas.it\/wp-content\/uploads\/2024\/11\/Group-1-4.png\" alt=\"\" srcset=\"https:\/\/soselmas.it\/wp-content\/uploads\/2024\/11\/Group-1-4.png 615w, https:\/\/soselmas.it\/wp-content\/uploads\/2024\/11\/Group-1-4-300x274.png 300w\" sizes=\"auto, (max-width: 615px) 100vw, 615px\" \/><\/figure>\n\n<\/div><\/div>\n<\/div>\n<\/div>\n\n<div class=\"gb-container gb-container-65374f8f\">\n<div class=\"gb-grid-wrapper gb-grid-wrapper-7d2ec351\">\n<div class=\"gb-grid-column gb-grid-column-e5d14145\"><div class=\"gb-container gb-container-e5d14145\">\n\n<figure class=\"gb-block-image gb-block-image-a006ef42\"><img loading=\"lazy\" decoding=\"async\" width=\"1079\" height=\"480\" class=\"gb-image gb-image-a006ef42\" src=\"https:\/\/soselmas.it\/wp-content\/uploads\/2024\/11\/logo-sos-elmas-cert-1.svg\" alt=\"\"\/><\/figure>\n\n<\/div><\/div>\n\n<div class=\"gb-grid-column gb-grid-column-b269cce8\"><div class=\"gb-container gb-container-b269cce8\">\n\n<figure class=\"gb-block-image gb-block-image-52136549\"><img loading=\"lazy\" decoding=\"async\" width=\"1099\" height=\"480\" class=\"gb-image gb-image-52136549\" src=\"https:\/\/soselmas.it\/wp-content\/uploads\/2024\/11\/logo-sos-elmas-cert-2.svg\" alt=\"\"\/><\/figure>\n\n<\/div><\/div>\n\n<div class=\"gb-grid-column gb-grid-column-e35bee18\"><div class=\"gb-container gb-container-e35bee18\">\n\n<figure class=\"gb-block-image gb-block-image-30ed67e4\"><img loading=\"lazy\" decoding=\"async\" width=\"1079\" height=\"481\" class=\"gb-image gb-image-30ed67e4\" src=\"https:\/\/soselmas.it\/wp-content\/uploads\/2024\/11\/Frame-1-2.svg\" alt=\"\"\/><\/figure>\n\n<\/div><\/div>\n<\/div>\n<\/div>\n\n\n<div style=\"height:100px\" aria-hidden=\"true\" class=\"wp-block-spacer\"><\/div>\n\n\n<div class=\"gb-container gb-container-561bc92e\" id=\"chisiamo\">\n\n<h1 class=\"gb-headline gb-headline-9c7fc16b gb-headline-text\"><strong>Chi siamo<\/strong><\/h1>\n\n\n\n<p class=\"gb-headline gb-headline-c6d7b212 gb-headline-text\"><mark style=\"background-color:rgba(0, 0, 0, 0)\" class=\"has-inline-color has-link-color-hover-color\"><strong>SOS Elmas<\/strong><\/mark> \u00e8 un\u2019associazione di volontariato nata con l\u2019obiettivo di offrire supporto rapido e concreto a chi si trova in difficolt\u00e0 sulle strade e nella vita quotidiana. La nostra squadra \u00e8 composta da volontari dedicati, pronti a intervenire con competenza, empatia e professionalit\u00e0 per garantire sicurezza e assistenza nei momenti critici.<br><br> La nostra missione \u00e8 semplice: essere un punto di riferimento per la comunit\u00e0 di Elmas e dintorni, offrendo aiuto quando serve davvero.<\/p>\n\n<\/div>\n\n\n<div style=\"height:100px\" aria-hidden=\"true\" class=\"wp-block-spacer\"><\/div>\n\n\n<div class=\"gb-container gb-container-01d49c0e\">\n<div class=\"gb-grid-wrapper gb-grid-wrapper-d403e997\">\n<div class=\"gb-grid-column gb-grid-column-50e06dbd\"><div class=\"gb-container gb-container-50e06dbd\">\n\n<figure class=\"gb-block-image gb-block-image-c9695387\"><img loading=\"lazy\" decoding=\"async\" width=\"605\" height=\"561\" class=\"gb-image gb-image-c9695387\" src=\"https:\/\/soselmas.it\/wp-content\/uploads\/2024\/11\/WhatsApp-Image-2024-11-18-at-16.41.58-2-1.png\" alt=\"\" srcset=\"https:\/\/soselmas.it\/wp-content\/uploads\/2024\/11\/WhatsApp-Image-2024-11-18-at-16.41.58-2-1.png 605w, https:\/\/soselmas.it\/wp-content\/uploads\/2024\/11\/WhatsApp-Image-2024-11-18-at-16.41.58-2-1-300x278.png 300w\" sizes=\"auto, (max-width: 605px) 100vw, 605px\" \/><\/figure>\n\n<\/div><\/div>\n\n<div class=\"gb-grid-column gb-grid-column-ece7a4c7\"><div class=\"gb-container gb-container-ece7a4c7\">\n\n<figure class=\"gb-block-image gb-block-image-ce49ad97\"><img loading=\"lazy\" decoding=\"async\" width=\"598\" height=\"561\" class=\"gb-image gb-image-ce49ad97\" src=\"https:\/\/soselmas.it\/wp-content\/uploads\/2024\/11\/WhatsApp-Image-2024-11-18-at-16.41.58-3-1.png\" alt=\"\" srcset=\"https:\/\/soselmas.it\/wp-content\/uploads\/2024\/11\/WhatsApp-Image-2024-11-18-at-16.41.58-3-1.png 598w, https:\/\/soselmas.it\/wp-content\/uploads\/2024\/11\/WhatsApp-Image-2024-11-18-at-16.41.58-3-1-300x281.png 300w\" sizes=\"auto, (max-width: 598px) 100vw, 598px\" \/><\/figure>\n\n<\/div><\/div>\n\n<div class=\"gb-grid-column gb-grid-column-cfcf8e66\"><div class=\"gb-container gb-container-cfcf8e66\">\n\n<figure class=\"gb-block-image gb-block-image-a121dfc1\"><img loading=\"lazy\" decoding=\"async\" width=\"599\" height=\"561\" class=\"gb-image gb-image-a121dfc1\" src=\"https:\/\/soselmas.it\/wp-content\/uploads\/2024\/11\/WhatsApp-Image-2024-11-18-at-16.41.58-4-1.png\" alt=\"\" srcset=\"https:\/\/soselmas.it\/wp-content\/uploads\/2024\/11\/WhatsApp-Image-2024-11-18-at-16.41.58-4-1.png 599w, https:\/\/soselmas.it\/wp-content\/uploads\/2024\/11\/WhatsApp-Image-2024-11-18-at-16.41.58-4-1-300x281.png 300w\" sizes=\"auto, (max-width: 599px) 100vw, 599px\" \/><\/figure>\n\n<\/div><\/div>\n\n<div class=\"gb-grid-column gb-grid-column-49be064a\"><div class=\"gb-container gb-container-49be064a\">\n\n<figure class=\"gb-block-image gb-block-image-cb507d18\"><img loading=\"lazy\" decoding=\"async\" width=\"599\" height=\"561\" class=\"gb-image gb-image-cb507d18\" src=\"https:\/\/soselmas.it\/wp-content\/uploads\/2024\/11\/WhatsApp-Image-2024-11-18-at-16.41.58-5-1.png\" alt=\"\" srcset=\"https:\/\/soselmas.it\/wp-content\/uploads\/2024\/11\/WhatsApp-Image-2024-11-18-at-16.41.58-5-1.png 599w, https:\/\/soselmas.it\/wp-content\/uploads\/2024\/11\/WhatsApp-Image-2024-11-18-at-16.41.58-5-1-300x281.png 300w\" sizes=\"auto, (max-width: 599px) 100vw, 599px\" \/><\/figure>\n\n<\/div><\/div>\n<\/div>\n<\/div>\n\n\n<div style=\"height:50px\" aria-hidden=\"true\" class=\"wp-block-spacer\"><\/div>\n\n\n<div class=\"gb-container gb-container-f791760c\">\n<div class=\"gb-grid-wrapper gb-grid-wrapper-048e5a57\">\n<div class=\"gb-grid-column gb-grid-column-c0649e73\"><div class=\"gb-container gb-container-c0649e73\">\n\n<figure class=\"gb-block-image gb-block-image-340123b9\"><img loading=\"lazy\" decoding=\"async\" width=\"605\" height=\"560\" class=\"gb-image gb-image-340123b9\" src=\"https:\/\/soselmas.it\/wp-content\/uploads\/2024\/11\/WhatsApp-Image-2024-11-18-at-16.41.58-6-1.png\" alt=\"\" srcset=\"https:\/\/soselmas.it\/wp-content\/uploads\/2024\/11\/WhatsApp-Image-2024-11-18-at-16.41.58-6-1.png 605w, https:\/\/soselmas.it\/wp-content\/uploads\/2024\/11\/WhatsApp-Image-2024-11-18-at-16.41.58-6-1-300x278.png 300w\" sizes=\"auto, (max-width: 605px) 100vw, 605px\" \/><\/figure>\n\n<\/div><\/div>\n\n<div class=\"gb-grid-column gb-grid-column-ed9788fa\"><div class=\"gb-container gb-container-ed9788fa\">\n\n<figure class=\"gb-block-image gb-block-image-7f87aa30\"><img loading=\"lazy\" decoding=\"async\" width=\"604\" height=\"560\" class=\"gb-image gb-image-7f87aa30\" src=\"https:\/\/soselmas.it\/wp-content\/uploads\/2024\/11\/WhatsApp-Image-2024-11-18-at-16.41.58-7-1.png\" alt=\"\" srcset=\"https:\/\/soselmas.it\/wp-content\/uploads\/2024\/11\/WhatsApp-Image-2024-11-18-at-16.41.58-7-1.png 604w, https:\/\/soselmas.it\/wp-content\/uploads\/2024\/11\/WhatsApp-Image-2024-11-18-at-16.41.58-7-1-300x278.png 300w\" sizes=\"auto, (max-width: 604px) 100vw, 604px\" \/><\/figure>\n\n<\/div><\/div>\n\n<div class=\"gb-grid-column gb-grid-column-dc69f40a\"><div class=\"gb-container gb-container-dc69f40a\">\n\n<figure class=\"gb-block-image gb-block-image-97aa9dbf\"><img loading=\"lazy\" decoding=\"async\" width=\"599\" height=\"560\" class=\"gb-image gb-image-97aa9dbf\" src=\"https:\/\/soselmas.it\/wp-content\/uploads\/2024\/11\/WhatsApp-Image-2024-11-18-at-16.41.59-1.png\" alt=\"\" srcset=\"https:\/\/soselmas.it\/wp-content\/uploads\/2024\/11\/WhatsApp-Image-2024-11-18-at-16.41.59-1.png 599w, https:\/\/soselmas.it\/wp-content\/uploads\/2024\/11\/WhatsApp-Image-2024-11-18-at-16.41.59-1-300x280.png 300w\" sizes=\"auto, (max-width: 599px) 100vw, 599px\" \/><\/figure>\n\n<\/div><\/div>\n\n<div class=\"gb-grid-column gb-grid-column-b9e1d3f4\"><div class=\"gb-container gb-container-b9e1d3f4\">\n\n<figure class=\"gb-block-image gb-block-image-f9a916e9\"><img loading=\"lazy\" decoding=\"async\" width=\"593\" height=\"560\" class=\"gb-image gb-image-f9a916e9\" src=\"https:\/\/soselmas.it\/wp-content\/uploads\/2024\/11\/WhatsApp-Image-2024-11-18-at-16.41.59-1-1.png\" alt=\"\" srcset=\"https:\/\/soselmas.it\/wp-content\/uploads\/2024\/11\/WhatsApp-Image-2024-11-18-at-16.41.59-1-1.png 593w, https:\/\/soselmas.it\/wp-content\/uploads\/2024\/11\/WhatsApp-Image-2024-11-18-at-16.41.59-1-1-300x283.png 300w\" sizes=\"auto, (max-width: 593px) 100vw, 593px\" \/><\/figure>\n\n<\/div><\/div>\n<\/div>\n<\/div>\n\n\n<div style=\"height:100px\" aria-hidden=\"true\" class=\"wp-block-spacer\"><\/div>\n\n\n<div class=\"gb-container gb-container-6500c5f2 alignfull\">\n<div class=\"gb-container gb-container-1b1db63a\">\n\n<figure class=\"gb-block-image gb-block-image-ba00813b\"><img loading=\"lazy\" decoding=\"async\" width=\"578\" height=\"280\" class=\"gb-image gb-image-ba00813b\" src=\"https:\/\/soselmas.it\/wp-content\/uploads\/2024\/11\/Screenshot-2024-11-19-alle-22.00.59-1.svg\" alt=\"\"\/><\/figure>\n\n\n<!-- Begin PayPal Donations by https:\/\/www.tipsandtricks-hq.com\/paypal-donations-widgets-plugin -->\n\n<form action=\"https:\/\/www.paypal.com\/cgi-bin\/webscr\" method=\"post\">\n    <div class=\"paypal-donations\">\n        <input type=\"hidden\" name=\"cmd\" value=\"_donations\" \/>\n        <input type=\"hidden\" name=\"bn\" value=\"TipsandTricks_SP\" \/>\n        <input type=\"hidden\" name=\"business\" value=\"85LC8ZQPYYKSC\" \/>\n        <input type=\"hidden\" name=\"rm\" value=\"0\" \/>\n        <input type=\"hidden\" name=\"currency_code\" value=\"EUR\" \/>\n        <input type=\"image\" style=\"cursor: pointer;\" src=\"https:\/\/www.paypalobjects.com\/it_IT\/IT\/i\/btn\/btn_donate_LG.gif\" name=\"submit\" alt=\"PayPal - The safer, easier way to pay online.\" \/>\n        <img loading=\"lazy\" decoding=\"async\" alt=\"\" src=\"https:\/\/www.paypalobjects.com\/en_US\/i\/scr\/pixel.gif\" width=\"1\" height=\"1\" \/>\n    <\/div>\n<\/form>\n<!-- End PayPal Donations -->\n\n\n\n\n<div style=\"height:50px\" aria-hidden=\"true\" class=\"wp-block-spacer\"><\/div>\n\n<\/div>\n<\/div>\n\n\n<div style=\"height:100px\" aria-hidden=\"true\" class=\"wp-block-spacer\"><\/div>\n\n\n<div class=\"gb-container gb-container-c2fa3673 alignwide\">\n<div class=\"gb-grid-wrapper gb-grid-wrapper-2a987aef\">\n<div class=\"gb-grid-column gb-grid-column-5bbfb810\"><div class=\"gb-container gb-container-5bbfb810\">\n\n<h2 class=\"gb-headline gb-headline-151ba53a gb-headline-text\"><strong>Cosa facciamo<\/strong><\/h2>\n\n\n\n<p class=\"gb-headline gb-headline-02f409d3 gb-headline-text\">Offriamo supporto stradale e civile, pensati per rispondere nell&#8217;immediato. Dall\u2019assistenza in caso di incidenti o guasti stradali, al sostegno in situazioni di emergenza sociale, SOS Elmas si impegna a trovare soluzioni immediate ed efficaci. <br><br>Operiamo 24\/7 per garantire sicurezza e tranquillit\u00e0 alla nostra comunit\u00e0, collaborando con enti locali e forze dell\u2019ordine per offrire un servizio completo.<\/p>\n\n<\/div><\/div>\n\n<div class=\"gb-grid-column gb-grid-column-95a843b6\"><div class=\"gb-container gb-container-95a843b6\">\n\n<figure class=\"gb-block-image gb-block-image-11fd9ab2\"><img loading=\"lazy\" decoding=\"async\" width=\"1241\" height=\"1162\" class=\"gb-image gb-image-11fd9ab2\" src=\"https:\/\/soselmas.it\/wp-content\/uploads\/2024\/11\/Group-2-3.png\" alt=\"\" srcset=\"https:\/\/soselmas.it\/wp-content\/uploads\/2024\/11\/Group-2-3.png 1241w, https:\/\/soselmas.it\/wp-content\/uploads\/2024\/11\/Group-2-3-300x281.png 300w, https:\/\/soselmas.it\/wp-content\/uploads\/2024\/11\/Group-2-3-1024x959.png 1024w, https:\/\/soselmas.it\/wp-content\/uploads\/2024\/11\/Group-2-3-768x719.png 768w\" sizes=\"auto, (max-width: 1241px) 100vw, 1241px\" \/><\/figure>\n\n<\/div><\/div>\n<\/div>\n<\/div>\n\n\n<div style=\"height:100px\" aria-hidden=\"true\" class=\"wp-block-spacer\"><\/div>\n\n\n<div class=\"gb-container gb-container-993942ec\">\n\n<h1 class=\"gb-headline gb-headline-587595b6 gb-headline-text\"><strong>Sostieni SOS Elmas: Fai la differenza con una donazione<\/strong><\/h1>\n\n\n\n<p class=\"gb-headline gb-headline-da4fd087 gb-headline-text\">Ogni giorno, i nostri volontari sono in prima linea per aiutare chi \u00e8 in difficolt\u00e0, ma per continuare a farlo abbiamo bisogno anche del tuo supporto. Con una donazione, puoi contribuire a rendere le nostre strade e la nostra comunit\u00e0 pi\u00f9 sicure. <br><br>\ud83d\udc49 <strong><mark style=\"background-color:rgba(0, 0, 0, 0)\" class=\"has-inline-color has-link-color-hover-color\">Dona ora tramite PayPal<\/mark><\/strong>: \u00e8 semplice, veloce e sicuro!<br><br>Il tuo contributo, grande o piccolo che sia, ci aiuter\u00e0 a: <\/p>\n\n\n<div class=\"gb-container gb-container-3774c48f\">\n\n<ul class=\"wp-block-list\">\n<li class=\"has-base-font-size\"><strong>Intervenire prontamente in situazioni di emergenza.<\/strong><\/li>\n\n\n\n<li class=\"has-base-font-size\"><strong>Potenziare le nostre attrezzature e mezzi.<\/strong><\/li>\n\n\n\n<li class=\"has-base-font-size\"><strong>Garantire formazione continua ai nostri volontari.<\/strong><\/li>\n<\/ul>\n\n<\/div>\n\n\n<p class=\"gb-headline gb-headline-f384c4a2 gb-headline-text\">\u2764\ufe0f<strong>OGNI GESTO CONTA. INSIEME POSSIAMO FARE LA DIFFERENZA<\/strong><\/p>\n\n\n<div class=\"gb-container gb-container-d670642a\" id=\"dona\">\n<!-- Begin PayPal Donations by https:\/\/www.tipsandtricks-hq.com\/paypal-donations-widgets-plugin -->\n\n<form action=\"https:\/\/www.paypal.com\/cgi-bin\/webscr\" method=\"post\">\n    <div class=\"paypal-donations\">\n        <input type=\"hidden\" name=\"cmd\" value=\"_donations\" \/>\n        <input type=\"hidden\" name=\"bn\" value=\"TipsandTricks_SP\" \/>\n        <input type=\"hidden\" name=\"business\" value=\"85LC8ZQPYYKSC\" \/>\n        <input type=\"hidden\" name=\"rm\" value=\"0\" \/>\n        <input type=\"hidden\" name=\"currency_code\" value=\"EUR\" \/>\n        <input type=\"image\" style=\"cursor: pointer;\" src=\"https:\/\/www.paypalobjects.com\/it_IT\/IT\/i\/btn\/btn_donate_LG.gif\" name=\"submit\" alt=\"PayPal - The safer, easier way to pay online.\" \/>\n        <img loading=\"lazy\" decoding=\"async\" alt=\"\" src=\"https:\/\/www.paypalobjects.com\/en_US\/i\/scr\/pixel.gif\" width=\"1\" height=\"1\" \/>\n    <\/div>\n<\/form>\n<!-- End PayPal Donations -->\n\n\n<\/div>\n<\/div>\n\n\n<div style=\"height:170px\" aria-hidden=\"true\" class=\"wp-block-spacer\"><\/div>\n\n\n\n<p><\/p>\n","protected":false},"excerpt":{"rendered":"<p>Chi siamo SOS Elmas \u00e8 un\u2019associazione di volontariato nata con l\u2019obiettivo di offrire supporto rapido e concreto a chi si trova in difficolt\u00e0 sulle strade e nella vita quotidiana. La nostra squadra \u00e8 composta da volontari dedicati, pronti a intervenire con competenza, empatia e professionalit\u00e0 per garantire sicurezza e assistenza nei momenti critici. La nostra [&hellip;]<\/p>\n","protected":false},"author":1,"featured_media":0,"parent":0,"menu_order":0,"comment_status":"closed","ping_status":"closed","template":"page-templates\/contained-no-title.php","meta":{"inline_featured_image":false,"footnotes":""},"class_list":["post-6","page","type-page","status-publish","hentry"],"_links":{"self":[{"href":"https:\/\/soselmas.it\/index.php?rest_route=\/wp\/v2\/pages\/6","targetHints":{"allow":["GET"]}}],"collection":[{"href":"https:\/\/soselmas.it\/index.php?rest_route=\/wp\/v2\/pages"}],"about":[{"href":"https:\/\/soselmas.it\/index.php?rest_route=\/wp\/v2\/types\/page"}],"author":[{"embeddable":true,"href":"https:\/\/soselmas.it\/index.php?rest_route=\/wp\/v2\/users\/1"}],"replies":[{"embeddable":true,"href":"https:\/\/soselmas.it\/index.php?rest_route=%2Fwp%2Fv2%2Fcomments&post=6"}],"version-history":[{"count":65,"href":"https:\/\/soselmas.it\/index.php?rest_route=\/wp\/v2\/pages\/6\/revisions"}],"predecessor-version":[{"id":130,"href":"https:\/\/soselmas.it\/index.php?rest_route=\/wp\/v2\/pages\/6\/revisions\/130"}],"wp:attachment":[{"href":"https:\/\/soselmas.it\/index.php?rest_route=%2Fwp%2Fv2%2Fmedia&parent=6"}],"curies":[{"name":"wp","href":"https:\/\/api.w.org\/{rel}","templated":true}]}}